{"id":2311,"date":"2026-02-14T15:58:06","date_gmt":"2026-02-14T15:58:06","guid":{"rendered":"https:\/\/villasandhouses.com\/contatti\/"},"modified":"2026-03-31T09:09:11","modified_gmt":"2026-03-31T09:09:11","slug":"contatti","status":"publish","type":"page","link":"https:\/\/villasandhouses.com\/it\/contatti\/","title":{"rendered":"Contatti"},"content":{"rendered":"\n<div style=\"height:100px\" aria-hidden=\"true\" class=\"wp-block-spacer bg-700 accent\"><\/div>\n\n<section class=\"wp-block-group section-highlight bg-700 accent\"><div class=\"wp-block-group__inner-container is-layout-constrained wp-block-group-is-layout-constrained\">\n<p class=\"has-text-align-center\">Cerchiamo l\u2019eccellenza per ospiti e proprietari<\/p>\n<\/div><\/section>\n\n<section class=\"wp-block-group section-description\"><div class=\"wp-block-group__inner-container is-layout-constrained wp-block-group-is-layout-constrained\">\n<p>Benvenuto su VILLAS&amp;HOUSES! Siamo felici di poter condividere con te la nostra passione per offrire esperienze autentiche e memorabili nel mondo delle vacanze. Qui non offriamo solo alloggi, ma ci impegniamo a creare una casa lontano da casa in ogni angolo della Spagna.<br\/>\u200b<br\/>La nostra storia: il percorso di VILLAS&amp;HOUSES \u00e8 stato un viaggio entusiasmante, segnato da momenti indimenticabili e dal legame con viaggiatori appassionati. Fin dall\u2019inizio abbiamo coltivato una community in cui ogni visita \u00e8 pi\u00f9 di un soggiorno: \u00e8 un\u2019opportunit\u00e0 per esplorare, scoprire e sentirsi davvero a casa; per questo abbiamo un punteggio di 4,91 sul nostro profilo Airbnb e 9,7 su Booking, con oltre 1000 recensioni positive.<br\/>\u200b<br\/>Impegno per l\u2019eccellenza: in ogni dettaglio delle nostre propriet\u00e0, in ogni interazione con il nostro team, ci impegniamo a offrire un\u2019esperienza che rispecchi il nostro impegno per l\u2019eccellenza. Crediamo che le vacanze siano momenti preziosi e siamo qui per assicurarci che ogni istante sia indimenticabile.<br\/>\u200bVariet\u00e0 di destinazioni: dalle vivaci strade di Madrid alle spiagge dorate di Marbella, ogni destinazione che proponiamo ha la sua storia da raccontare. La nostra collezione variegata di case vacanza \u00e8 pensata per adattarsi a ogni stile di viaggio, dalle avventure urbane ai ritiri rilassanti in riva al mare; offriamo ogni tipo di destinazione e di esperienza, dalle mete ideali per le famiglie alle ville di lusso perfette per un viaggio con gli amici.<br\/>\u200bTeam appassionato: dietro ogni prenotazione c\u2019\u00e8 un team appassionato che ama ci\u00f2 che fa. Dal momento in cui esplori le nostre opzioni fino al giorno in cui ti salutiamo, siamo qui per assicurarci che la tua esperienza sia perfetta e su misura per le tue esigenze; saremo felici di consigliarti, guidarti e risolvere qualsiasi problema possa sorgere prima, durante e dopo il tuo soggiorno con noi.<br\/>\u200bImpegno sostenibile: valorizziamo non solo la qualit\u00e0 del tuo soggiorno, ma anche il nostro impatto sul mondo che esploriamo insieme. Ci impegniamo a operare in modo sostenibile e a contribuire positivamente alle comunit\u00e0 che ci ospitano. In VILLAS&amp;HOUSES crediamo che le migliori esperienze di viaggio inizino con un tocco personale e un servizio autentico. Siamo felici di far parte delle tue avventure e di aiutarti a creare ricordi che custodirai per sempre.<br\/>\u200bTi diamo il benvenuto nella famiglia di VILLAS&amp;HOUSES<\/p>\n<\/div><\/section>\n","protected":false},"excerpt":{"rendered":"<p>Cerchiamo l\u2019eccellenza per ospiti e proprietari Benvenuto su VILLAS&amp;HOUSES! Siamo felici di poter condividere con te la nostra passione per offrire esperienze autentiche e memorabili nel mondo delle vacanze. Qui&#8230;<\/p>\n","protected":false},"author":1,"featured_media":0,"parent":0,"menu_order":0,"comment_status":"closed","ping_status":"closed","template":"","meta":{"_acf_changed":false,"footnotes":""},"class_list":["post-2311","page","type-page","status-publish","hentry"],"acf":[],"yoast_head":"<!-- This site is optimized with the Yoast SEO plugin v27.3 - https:\/\/yoast.com\/product\/yoast-seo-wordpress\/ -->\n<title>Contatti - Villas&amp;Houses<\/title>\n<meta name=\"robots\" content=\"index, follow, max-snippet:-1, max-image-preview:large, max-video-preview:-1\" \/>\n<link rel=\"canonical\" href=\"https:\/\/villasandhouses.com\/it\/contatti\/\" \/>\n<meta property=\"og:locale\" content=\"it_IT\" \/>\n<meta property=\"og:type\" content=\"article\" \/>\n<meta property=\"og:title\" content=\"Contatti - Villas&amp;Houses\" \/>\n<meta property=\"og:description\" content=\"Cerchiamo l\u2019eccellenza per ospiti e proprietari Benvenuto su VILLAS&amp;HOUSES! Siamo felici di poter condividere con te la nostra passione per offrire esperienze autentiche e memorabili nel mondo delle vacanze. Qui...\" \/>\n<meta property=\"og:url\" content=\"https:\/\/villasandhouses.com\/it\/contatti\/\" \/>\n<meta property=\"og:site_name\" content=\"Villas&amp;Houses\" \/>\n<meta property=\"article:modified_time\" content=\"2026-03-31T09:09:11+00:00\" \/>\n<meta name=\"twitter:card\" content=\"summary_large_image\" \/>\n<meta name=\"twitter:label1\" content=\"Tempo di lettura stimato\" \/>\n\t<meta name=\"twitter:data1\" content=\"2 minuti\" \/>\n<script type=\"application\/ld+json\" class=\"yoast-schema-graph\">{\"@context\":\"https:\\\/\\\/schema.org\",\"@graph\":[{\"@type\":\"WebPage\",\"@id\":\"https:\\\/\\\/villasandhouses.com\\\/it\\\/contatti\\\/\",\"url\":\"https:\\\/\\\/villasandhouses.com\\\/it\\\/contatti\\\/\",\"name\":\"Contatti - Villas&amp;Houses\",\"isPartOf\":{\"@id\":\"https:\\\/\\\/villasandhouses.com\\\/it\\\/#website\"},\"datePublished\":\"2026-02-14T15:58:06+00:00\",\"dateModified\":\"2026-03-31T09:09:11+00:00\",\"breadcrumb\":{\"@id\":\"https:\\\/\\\/villasandhouses.com\\\/it\\\/contatti\\\/#breadcrumb\"},\"inLanguage\":\"it-IT\",\"potentialAction\":[{\"@type\":\"ReadAction\",\"target\":[\"https:\\\/\\\/villasandhouses.com\\\/it\\\/contatti\\\/\"]}]},{\"@type\":\"BreadcrumbList\",\"@id\":\"https:\\\/\\\/villasandhouses.com\\\/it\\\/contatti\\\/#breadcrumb\",\"itemListElement\":[{\"@type\":\"ListItem\",\"position\":1,\"name\":\"Portada\",\"item\":\"https:\\\/\\\/villasandhouses.com\\\/it\\\/home\\\/\"},{\"@type\":\"ListItem\",\"position\":2,\"name\":\"Contatti\"}]},{\"@type\":\"WebSite\",\"@id\":\"https:\\\/\\\/villasandhouses.com\\\/it\\\/#website\",\"url\":\"https:\\\/\\\/villasandhouses.com\\\/it\\\/\",\"name\":\"Villas&Houses\",\"description\":\"Villas de lujo, apartamentos y casas &uacute;nicas en ciudades seleccionadas\",\"publisher\":{\"@id\":\"https:\\\/\\\/villasandhouses.com\\\/it\\\/#organization\"},\"potentialAction\":[{\"@type\":\"SearchAction\",\"target\":{\"@type\":\"EntryPoint\",\"urlTemplate\":\"https:\\\/\\\/villasandhouses.com\\\/it\\\/?s={search_term_string}\"},\"query-input\":{\"@type\":\"PropertyValueSpecification\",\"valueRequired\":true,\"valueName\":\"search_term_string\"}}],\"inLanguage\":\"it-IT\"},{\"@type\":\"Organization\",\"@id\":\"https:\\\/\\\/villasandhouses.com\\\/it\\\/#organization\",\"name\":\"Villas&Houses\",\"url\":\"https:\\\/\\\/villasandhouses.com\\\/it\\\/\",\"logo\":{\"@type\":\"ImageObject\",\"inLanguage\":\"it-IT\",\"@id\":\"https:\\\/\\\/villasandhouses.com\\\/it\\\/#\\\/schema\\\/logo\\\/image\\\/\",\"url\":\"https:\\\/\\\/villasandhouses.com\\\/wp-content\\\/uploads\\\/2026\\\/02\\\/Group-11.svg\",\"contentUrl\":\"https:\\\/\\\/villasandhouses.com\\\/wp-content\\\/uploads\\\/2026\\\/02\\\/Group-11.svg\",\"caption\":\"Villas&Houses\"},\"image\":{\"@id\":\"https:\\\/\\\/villasandhouses.com\\\/it\\\/#\\\/schema\\\/logo\\\/image\\\/\"}}]}<\/script>\n<!-- \/ Yoast SEO plugin. -->","yoast_head_json":{"title":"Contatti - Villas&amp;Houses","robots":{"index":"index","follow":"follow","max-snippet":"max-snippet:-1","max-image-preview":"max-image-preview:large","max-video-preview":"max-video-preview:-1"},"canonical":"https:\/\/villasandhouses.com\/it\/contatti\/","og_locale":"it_IT","og_type":"article","og_title":"Contatti - Villas&amp;Houses","og_description":"Cerchiamo l\u2019eccellenza per ospiti e proprietari Benvenuto su VILLAS&amp;HOUSES! Siamo felici di poter condividere con te la nostra passione per offrire esperienze autentiche e memorabili nel mondo delle vacanze. Qui...","og_url":"https:\/\/villasandhouses.com\/it\/contatti\/","og_site_name":"Villas&amp;Houses","article_modified_time":"2026-03-31T09:09:11+00:00","twitter_card":"summary_large_image","twitter_misc":{"Tempo di lettura stimato":"2 minuti"},"schema":{"@context":"https:\/\/schema.org","@graph":[{"@type":"WebPage","@id":"https:\/\/villasandhouses.com\/it\/contatti\/","url":"https:\/\/villasandhouses.com\/it\/contatti\/","name":"Contatti - Villas&amp;Houses","isPartOf":{"@id":"https:\/\/villasandhouses.com\/it\/#website"},"datePublished":"2026-02-14T15:58:06+00:00","dateModified":"2026-03-31T09:09:11+00:00","breadcrumb":{"@id":"https:\/\/villasandhouses.com\/it\/contatti\/#breadcrumb"},"inLanguage":"it-IT","potentialAction":[{"@type":"ReadAction","target":["https:\/\/villasandhouses.com\/it\/contatti\/"]}]},{"@type":"BreadcrumbList","@id":"https:\/\/villasandhouses.com\/it\/contatti\/#breadcrumb","itemListElement":[{"@type":"ListItem","position":1,"name":"Portada","item":"https:\/\/villasandhouses.com\/it\/home\/"},{"@type":"ListItem","position":2,"name":"Contatti"}]},{"@type":"WebSite","@id":"https:\/\/villasandhouses.com\/it\/#website","url":"https:\/\/villasandhouses.com\/it\/","name":"Villas&Houses","description":"Villas de lujo, apartamentos y casas &uacute;nicas en ciudades seleccionadas","publisher":{"@id":"https:\/\/villasandhouses.com\/it\/#organization"},"potentialAction":[{"@type":"SearchAction","target":{"@type":"EntryPoint","urlTemplate":"https:\/\/villasandhouses.com\/it\/?s={search_term_string}"},"query-input":{"@type":"PropertyValueSpecification","valueRequired":true,"valueName":"search_term_string"}}],"inLanguage":"it-IT"},{"@type":"Organization","@id":"https:\/\/villasandhouses.com\/it\/#organization","name":"Villas&Houses","url":"https:\/\/villasandhouses.com\/it\/","logo":{"@type":"ImageObject","inLanguage":"it-IT","@id":"https:\/\/villasandhouses.com\/it\/#\/schema\/logo\/image\/","url":"https:\/\/villasandhouses.com\/wp-content\/uploads\/2026\/02\/Group-11.svg","contentUrl":"https:\/\/villasandhouses.com\/wp-content\/uploads\/2026\/02\/Group-11.svg","caption":"Villas&Houses"},"image":{"@id":"https:\/\/villasandhouses.com\/it\/#\/schema\/logo\/image\/"}}]}},"_links":{"self":[{"href":"https:\/\/villasandhouses.com\/it\/wp-json\/wp\/v2\/pages\/2311","targetHints":{"allow":["GET"]}}],"collection":[{"href":"https:\/\/villasandhouses.com\/it\/wp-json\/wp\/v2\/pages"}],"about":[{"href":"https:\/\/villasandhouses.com\/it\/wp-json\/wp\/v2\/types\/page"}],"author":[{"embeddable":true,"href":"https:\/\/villasandhouses.com\/it\/wp-json\/wp\/v2\/users\/1"}],"replies":[{"embeddable":true,"href":"https:\/\/villasandhouses.com\/it\/wp-json\/wp\/v2\/comments?post=2311"}],"version-history":[{"count":1,"href":"https:\/\/villasandhouses.com\/it\/wp-json\/wp\/v2\/pages\/2311\/revisions"}],"predecessor-version":[{"id":2312,"href":"https:\/\/villasandhouses.com\/it\/wp-json\/wp\/v2\/pages\/2311\/revisions\/2312"}],"wp:attachment":[{"href":"https:\/\/villasandhouses.com\/it\/wp-json\/wp\/v2\/media?parent=2311"}],"curies":[{"name":"wp","href":"https:\/\/api.w.org\/{rel}","templated":true}]}}