{"id":2344,"date":"2026-02-14T15:57:33","date_gmt":"2026-02-14T15:57:33","guid":{"rendered":"https:\/\/villasandhouses.com\/proprietaires\/"},"modified":"2026-03-31T09:18:51","modified_gmt":"2026-03-31T09:18:51","slug":"proprietaires","status":"publish","type":"page","link":"https:\/\/villasandhouses.com\/fr\/proprietaires\/","title":{"rendered":"Propri\u00e9taires"},"content":{"rendered":"\n<section class=\"wp-block-group section-highlight\"><div class=\"wp-block-group__inner-container is-layout-constrained wp-block-group-is-layout-constrained\">\n<div style=\"height:10rem\" aria-hidden=\"true\" class=\"wp-block-spacer bg-secondary\"><\/div>\n\n\n\n<p class=\"has-text-align-center\">VOTRE MAISON, ENTRE LES MEILLEURES MAINS. RENTABILIT\u00c9 SANS SOUCIS<\/p>\n<\/div><\/section>\n\n<section class=\"wp-block-group section-description\"><div class=\"wp-block-group__inner-container is-layout-constrained wp-block-group-is-layout-constrained\">\n<p>Chez Villas&amp;Houses, nous g\u00e9rons votre propri\u00e9t\u00e9 de vacances comme si c&rsquo;\u00e9tait la n\u00f4tre. Vous profitez de la tranquillit\u00e9, nous nous occupons de tout le reste : r\u00e9servations, entretien, nettoyage, service client et occupation maximale.<\/p>\n\n\n\n<p><strong>Profitez de vos revenus passifs, garantie Villas &amp; Houses.<\/strong>\u2028+90 % d\u2019occupation annuelle moyenne.\u2028+4,8 d\u2019\u00e9valuation sur les plateformes internationales.\u2028Service personnalis\u00e9 24h\/24 et 7j\/7.<\/p>\n<\/div><\/section>\n\n<section class=\"wp-block-group section-benefits\"><div class=\"wp-block-group__inner-container is-layout-constrained wp-block-group-is-layout-constrained\"><div class=\"wp-block-image\">\n<figure class=\"aligncenter size-large\"><img decoding=\"async\" src=\"https:\/\/villasandhouses.com\/wp-content\/uploads\/2026\/02\/asterisk_vh.svg\" alt=\"\"\/><\/figure>\n<\/div>\n\n\n<ol class=\"wp-block-list\">\n<li>Tu casa, nuestros cuidados<\/li>\n\n\n\n<li>Rentabilidad optimizada<\/li>\n\n\n\n<li>Gesti\u00f3n integral<\/li>\n\n\n\n<li>Transparencia<\/li>\n\n\n\n<li>Tranquilidad garantizada<\/li>\n\n\n\n<li>Experiencia premium<\/li>\n<\/ol>\n<\/div><\/section>\n\n<section class=\"wp-block-group section-reviews\"><div class=\"wp-block-group__inner-container is-layout-constrained wp-block-group-is-layout-constrained\">\n<div class=\"wp-block-columns wrapper is-layout-flex wp-container-core-columns-is-layout-9d6595d7 wp-block-columns-is-layout-flex\">\n<div class=\"wp-block-column reviews-total is-layout-flow wp-block-column-is-layout-flow\">\n<h5 class=\"wp-block-heading\">+1350<br>Reviews<\/h5>\n<\/div>\n\n\n\n<div class=\"wp-block-column reviews-list is-layout-flow wp-block-column-is-layout-flow\" style=\"flex-basis:30%\">\n<div class=\"wp-block-group reviews-listItem is-content-justification-space-between is-nowrap is-layout-flex wp-container-core-group-is-layout-0dfbf163 wp-block-group-is-layout-flex\">\n<figure class=\"wp-block-image size-large\"><img decoding=\"async\" src=\"https:\/\/villasandhouses.com\/wp-content\/uploads\/2026\/02\/Frame.png\" alt=\"\"\/><\/figure>\n\n\n\n<p><strong>4,92<\/strong>\/5<\/p>\n<\/div>\n\n\n\n<div class=\"wp-block-group reviews-listItem is-content-justification-space-between is-nowrap is-layout-flex wp-container-core-group-is-layout-0dfbf163 wp-block-group-is-layout-flex\">\n<figure class=\"wp-block-image size-large\"><img decoding=\"async\" src=\"https:\/\/villasandhouses.com\/wp-content\/uploads\/2026\/02\/image-2.png\" alt=\"\"\/><\/figure>\n\n\n\n<p><strong>9,<\/strong>6\/10<\/p>\n<\/div>\n\n\n\n<div class=\"wp-block-group reviews-listItem is-content-justification-space-between is-nowrap is-layout-flex wp-container-core-group-is-layout-0dfbf163 wp-block-group-is-layout-flex\">\n<figure class=\"wp-block-image size-large\"><img decoding=\"async\" src=\"https:\/\/villasandhouses.com\/wp-content\/uploads\/2026\/02\/Vector.png\" alt=\"\"\/><\/figure>\n\n\n\n<p><strong>9,8<\/strong>\/10<\/p>\n<\/div>\n<\/div>\n<\/div>\n<\/div><\/section>\n","protected":false},"excerpt":{"rendered":"<p>VOTRE MAISON, ENTRE LES MEILLEURES MAINS. RENTABILIT\u00c9 SANS SOUCIS Chez Villas&amp;Houses, nous g\u00e9rons votre propri\u00e9t\u00e9 de vacances comme si c&rsquo;\u00e9tait la n\u00f4tre. Vous profitez de la tranquillit\u00e9, nous nous occupons&#8230;<\/p>\n","protected":false},"author":1,"featured_media":0,"parent":0,"menu_order":0,"comment_status":"closed","ping_status":"closed","template":"","meta":{"_acf_changed":false,"footnotes":""},"class_list":["post-2344","page","type-page","status-publish","hentry"],"acf":[],"yoast_head":"<!-- This site is optimized with the Yoast SEO plugin v27.3 - https:\/\/yoast.com\/product\/yoast-seo-wordpress\/ -->\n<title>Propri\u00e9taires - Villas&amp;Houses<\/title>\n<meta name=\"robots\" content=\"index, follow, max-snippet:-1, max-image-preview:large, max-video-preview:-1\" \/>\n<link rel=\"canonical\" href=\"https:\/\/villasandhouses.com\/fr\/proprietaires\/\" \/>\n<meta property=\"og:locale\" content=\"fr_FR\" \/>\n<meta property=\"og:type\" content=\"article\" \/>\n<meta property=\"og:title\" content=\"Propri\u00e9taires - Villas&amp;Houses\" \/>\n<meta property=\"og:description\" content=\"VOTRE MAISON, ENTRE LES MEILLEURES MAINS. RENTABILIT\u00c9 SANS SOUCIS Chez Villas&amp;Houses, nous g\u00e9rons votre propri\u00e9t\u00e9 de vacances comme si c&rsquo;\u00e9tait la n\u00f4tre. Vous profitez de la tranquillit\u00e9, nous nous occupons...\" \/>\n<meta property=\"og:url\" content=\"https:\/\/villasandhouses.com\/fr\/proprietaires\/\" \/>\n<meta property=\"og:site_name\" content=\"Villas&amp;Houses\" \/>\n<meta property=\"article:modified_time\" content=\"2026-03-31T09:18:51+00:00\" \/>\n<meta name=\"twitter:card\" content=\"summary_large_image\" \/>\n<script type=\"application\/ld+json\" class=\"yoast-schema-graph\">{\"@context\":\"https:\\\/\\\/schema.org\",\"@graph\":[{\"@type\":\"WebPage\",\"@id\":\"https:\\\/\\\/villasandhouses.com\\\/fr\\\/proprietaires\\\/\",\"url\":\"https:\\\/\\\/villasandhouses.com\\\/fr\\\/proprietaires\\\/\",\"name\":\"Propri\u00e9taires - Villas&amp;Houses\",\"isPartOf\":{\"@id\":\"https:\\\/\\\/villasandhouses.com\\\/fr\\\/#website\"},\"datePublished\":\"2026-02-14T15:57:33+00:00\",\"dateModified\":\"2026-03-31T09:18:51+00:00\",\"breadcrumb\":{\"@id\":\"https:\\\/\\\/villasandhouses.com\\\/fr\\\/proprietaires\\\/#breadcrumb\"},\"inLanguage\":\"fr-FR\",\"potentialAction\":[{\"@type\":\"ReadAction\",\"target\":[\"https:\\\/\\\/villasandhouses.com\\\/fr\\\/proprietaires\\\/\"]}]},{\"@type\":\"BreadcrumbList\",\"@id\":\"https:\\\/\\\/villasandhouses.com\\\/fr\\\/proprietaires\\\/#breadcrumb\",\"itemListElement\":[{\"@type\":\"ListItem\",\"position\":1,\"name\":\"Portada\",\"item\":\"https:\\\/\\\/villasandhouses.com\\\/fr\\\/accueil\\\/\"},{\"@type\":\"ListItem\",\"position\":2,\"name\":\"Propri\u00e9taires\"}]},{\"@type\":\"WebSite\",\"@id\":\"https:\\\/\\\/villasandhouses.com\\\/fr\\\/#website\",\"url\":\"https:\\\/\\\/villasandhouses.com\\\/fr\\\/\",\"name\":\"Villas&Houses\",\"description\":\"Villas de lujo, apartamentos y casas &uacute;nicas en ciudades seleccionadas\",\"publisher\":{\"@id\":\"https:\\\/\\\/villasandhouses.com\\\/fr\\\/#organization\"},\"potentialAction\":[{\"@type\":\"SearchAction\",\"target\":{\"@type\":\"EntryPoint\",\"urlTemplate\":\"https:\\\/\\\/villasandhouses.com\\\/fr\\\/?s={search_term_string}\"},\"query-input\":{\"@type\":\"PropertyValueSpecification\",\"valueRequired\":true,\"valueName\":\"search_term_string\"}}],\"inLanguage\":\"fr-FR\"},{\"@type\":\"Organization\",\"@id\":\"https:\\\/\\\/villasandhouses.com\\\/fr\\\/#organization\",\"name\":\"Villas&Houses\",\"url\":\"https:\\\/\\\/villasandhouses.com\\\/fr\\\/\",\"logo\":{\"@type\":\"ImageObject\",\"inLanguage\":\"fr-FR\",\"@id\":\"https:\\\/\\\/villasandhouses.com\\\/fr\\\/#\\\/schema\\\/logo\\\/image\\\/\",\"url\":\"https:\\\/\\\/villasandhouses.com\\\/wp-content\\\/uploads\\\/2026\\\/02\\\/Group-11.svg\",\"contentUrl\":\"https:\\\/\\\/villasandhouses.com\\\/wp-content\\\/uploads\\\/2026\\\/02\\\/Group-11.svg\",\"caption\":\"Villas&Houses\"},\"image\":{\"@id\":\"https:\\\/\\\/villasandhouses.com\\\/fr\\\/#\\\/schema\\\/logo\\\/image\\\/\"}}]}<\/script>\n<!-- \/ Yoast SEO plugin. -->","yoast_head_json":{"title":"Propri\u00e9taires - Villas&amp;Houses","robots":{"index":"index","follow":"follow","max-snippet":"max-snippet:-1","max-image-preview":"max-image-preview:large","max-video-preview":"max-video-preview:-1"},"canonical":"https:\/\/villasandhouses.com\/fr\/proprietaires\/","og_locale":"fr_FR","og_type":"article","og_title":"Propri\u00e9taires - Villas&amp;Houses","og_description":"VOTRE MAISON, ENTRE LES MEILLEURES MAINS. RENTABILIT\u00c9 SANS SOUCIS Chez Villas&amp;Houses, nous g\u00e9rons votre propri\u00e9t\u00e9 de vacances comme si c&rsquo;\u00e9tait la n\u00f4tre. Vous profitez de la tranquillit\u00e9, nous nous occupons...","og_url":"https:\/\/villasandhouses.com\/fr\/proprietaires\/","og_site_name":"Villas&amp;Houses","article_modified_time":"2026-03-31T09:18:51+00:00","twitter_card":"summary_large_image","schema":{"@context":"https:\/\/schema.org","@graph":[{"@type":"WebPage","@id":"https:\/\/villasandhouses.com\/fr\/proprietaires\/","url":"https:\/\/villasandhouses.com\/fr\/proprietaires\/","name":"Propri\u00e9taires - Villas&amp;Houses","isPartOf":{"@id":"https:\/\/villasandhouses.com\/fr\/#website"},"datePublished":"2026-02-14T15:57:33+00:00","dateModified":"2026-03-31T09:18:51+00:00","breadcrumb":{"@id":"https:\/\/villasandhouses.com\/fr\/proprietaires\/#breadcrumb"},"inLanguage":"fr-FR","potentialAction":[{"@type":"ReadAction","target":["https:\/\/villasandhouses.com\/fr\/proprietaires\/"]}]},{"@type":"BreadcrumbList","@id":"https:\/\/villasandhouses.com\/fr\/proprietaires\/#breadcrumb","itemListElement":[{"@type":"ListItem","position":1,"name":"Portada","item":"https:\/\/villasandhouses.com\/fr\/accueil\/"},{"@type":"ListItem","position":2,"name":"Propri\u00e9taires"}]},{"@type":"WebSite","@id":"https:\/\/villasandhouses.com\/fr\/#website","url":"https:\/\/villasandhouses.com\/fr\/","name":"Villas&Houses","description":"Villas de lujo, apartamentos y casas &uacute;nicas en ciudades seleccionadas","publisher":{"@id":"https:\/\/villasandhouses.com\/fr\/#organization"},"potentialAction":[{"@type":"SearchAction","target":{"@type":"EntryPoint","urlTemplate":"https:\/\/villasandhouses.com\/fr\/?s={search_term_string}"},"query-input":{"@type":"PropertyValueSpecification","valueRequired":true,"valueName":"search_term_string"}}],"inLanguage":"fr-FR"},{"@type":"Organization","@id":"https:\/\/villasandhouses.com\/fr\/#organization","name":"Villas&Houses","url":"https:\/\/villasandhouses.com\/fr\/","logo":{"@type":"ImageObject","inLanguage":"fr-FR","@id":"https:\/\/villasandhouses.com\/fr\/#\/schema\/logo\/image\/","url":"https:\/\/villasandhouses.com\/wp-content\/uploads\/2026\/02\/Group-11.svg","contentUrl":"https:\/\/villasandhouses.com\/wp-content\/uploads\/2026\/02\/Group-11.svg","caption":"Villas&Houses"},"image":{"@id":"https:\/\/villasandhouses.com\/fr\/#\/schema\/logo\/image\/"}}]}},"_links":{"self":[{"href":"https:\/\/villasandhouses.com\/fr\/wp-json\/wp\/v2\/pages\/2344","targetHints":{"allow":["GET"]}}],"collection":[{"href":"https:\/\/villasandhouses.com\/fr\/wp-json\/wp\/v2\/pages"}],"about":[{"href":"https:\/\/villasandhouses.com\/fr\/wp-json\/wp\/v2\/types\/page"}],"author":[{"embeddable":true,"href":"https:\/\/villasandhouses.com\/fr\/wp-json\/wp\/v2\/users\/1"}],"replies":[{"embeddable":true,"href":"https:\/\/villasandhouses.com\/fr\/wp-json\/wp\/v2\/comments?post=2344"}],"version-history":[{"count":1,"href":"https:\/\/villasandhouses.com\/fr\/wp-json\/wp\/v2\/pages\/2344\/revisions"}],"predecessor-version":[{"id":2345,"href":"https:\/\/villasandhouses.com\/fr\/wp-json\/wp\/v2\/pages\/2344\/revisions\/2345"}],"wp:attachment":[{"href":"https:\/\/villasandhouses.com\/fr\/wp-json\/wp\/v2\/media?parent=2344"}],"curies":[{"name":"wp","href":"https:\/\/api.w.org\/{rel}","templated":true}]}}