{"id":2313,"date":"2026-02-14T15:58:06","date_gmt":"2026-02-14T15:58:06","guid":{"rendered":"https:\/\/villasandhouses.com\/contact\/"},"modified":"2026-03-31T09:09:24","modified_gmt":"2026-03-31T09:09:24","slug":"contact","status":"publish","type":"page","link":"https:\/\/villasandhouses.com\/fr\/contact\/","title":{"rendered":"Contact"},"content":{"rendered":"\n<div style=\"height:100px\" aria-hidden=\"true\" class=\"wp-block-spacer bg-700 accent\"><\/div>\n\n<section class=\"wp-block-group section-highlight bg-700 accent\"><div class=\"wp-block-group__inner-container is-layout-constrained wp-block-group-is-layout-constrained\">\n<p class=\"has-text-align-center\">Nous visons l\u2019excellence pour les voyageurs et les propri\u00e9taires<\/p>\n<\/div><\/section>\n\n<section class=\"wp-block-group section-description\"><div class=\"wp-block-group__inner-container is-layout-constrained wp-block-group-is-layout-constrained\">\n<p>Bienvenue chez VILLAS&amp;HOUSES ! Nous sommes ravis de pouvoir partager avec vous notre passion pour offrir des exp\u00e9riences authentiques et m\u00e9morables dans l\u2019univers des vacances. Ici, nous ne proposons pas seulement des h\u00e9bergements : nous nous effor\u00e7ons de cr\u00e9er un chez-soi loin de chez vous dans chaque recoin de l\u2019Espagne.<br\/>\u200b<br\/>Notre histoire : l\u2019aventure de VILLAS&amp;HOUSES a \u00e9t\u00e9 un voyage passionnant, jalonn\u00e9 de moments inoubliables et de rencontres avec des voyageurs passionn\u00e9s. Depuis nos d\u00e9buts, nous avons cultiv\u00e9 une communaut\u00e9 o\u00f9 chaque visite est plus qu\u2019un s\u00e9jour : c\u2019est une occasion d\u2019explorer, de d\u00e9couvrir et de se sentir v\u00e9ritablement chez soi ; c\u2019est pourquoi nous affichons une note de 4,91 sur notre profil Airbnb et de 9,7 sur Booking, avec plus de 1\u202f000 avis positifs.<br\/>\u200b<br\/>Engagement envers l\u2019excellence : dans chaque d\u00e9tail de nos propri\u00e9t\u00e9s, dans chaque interaction avec notre \u00e9quipe, nous nous effor\u00e7ons d\u2019offrir une exp\u00e9rience qui refl\u00e8te notre engagement envers l\u2019excellence. Nous croyons que les vacances sont des moments pr\u00e9cieux, et nous sommes l\u00e0 pour faire en sorte que chaque instant soit inoubliable.<br\/>\u200bDiversit\u00e9 des destinations : des rues vibrantes de Madrid aux plages dor\u00e9es de Marbella, chaque destination que nous proposons a sa propre histoire \u00e0 raconter. Notre collection vari\u00e9e de locations de vacances est con\u00e7ue pour s\u2019adapter \u00e0 tous les styles de voyage, des aventures urbaines aux retraites relaxantes en bord de mer ; nous proposons tous types de destinations et de s\u00e9jours, des destinations id\u00e9ales en famille aux villas de luxe pour partir entre amis.<br\/>\u200bUne \u00e9quipe passionn\u00e9e : derri\u00e8re chaque r\u00e9servation se trouve une \u00e9quipe passionn\u00e9e qui aime ce qu\u2019elle fait. Du moment o\u00f9 vous explorez nos options jusqu\u2019au jour o\u00f9 nous vous disons au revoir, nous sommes l\u00e0 pour veiller \u00e0 ce que votre exp\u00e9rience soit parfaite et adapt\u00e9e \u00e0 vos besoins ; nous serons ravis de vous conseiller, de vous guider et de r\u00e9soudre tout probl\u00e8me que vous pourriez rencontrer avant, pendant et apr\u00e8s votre s\u00e9jour chez nous.<br\/>\u200bEngagement durable : nous valorisons non seulement la qualit\u00e9 de votre s\u00e9jour, mais aussi notre impact sur le monde que nous explorons ensemble. Nous nous engageons \u00e0 op\u00e9rer de mani\u00e8re durable et \u00e0 contribuer positivement aux communaut\u00e9s qui nous accueillent. Chez VILLAS&amp;HOUSES, nous croyons que les meilleures exp\u00e9riences de voyage commencent par une touche personnelle et un service authentique. Nous sommes ravis de faire partie de vos aventures et de vous aider \u00e0 cr\u00e9er des souvenirs que vous ch\u00e9rirez pour toujours.<br\/>\u200bNous vous souhaitons la bienvenue dans la famille VILLAS&amp;HOUSES<\/p>\n<\/div><\/section>\n","protected":false},"excerpt":{"rendered":"<p>Nous visons l\u2019excellence pour les voyageurs et les propri\u00e9taires Bienvenue chez VILLAS&amp;HOUSES ! Nous sommes ravis de pouvoir partager avec vous notre passion pour offrir des exp\u00e9riences authentiques et m\u00e9morables&#8230;<\/p>\n","protected":false},"author":1,"featured_media":0,"parent":0,"menu_order":0,"comment_status":"closed","ping_status":"closed","template":"","meta":{"_acf_changed":false,"footnotes":""},"class_list":["post-2313","page","type-page","status-publish","hentry"],"acf":[],"yoast_head":"<!-- This site is optimized with the Yoast SEO plugin v27.3 - https:\/\/yoast.com\/product\/yoast-seo-wordpress\/ -->\n<title>Contact - Villas&amp;Houses<\/title>\n<meta name=\"robots\" content=\"index, follow, max-snippet:-1, max-image-preview:large, max-video-preview:-1\" \/>\n<link rel=\"canonical\" href=\"https:\/\/villasandhouses.com\/fr\/contact\/\" \/>\n<meta property=\"og:locale\" content=\"fr_FR\" \/>\n<meta property=\"og:type\" content=\"article\" \/>\n<meta property=\"og:title\" content=\"Contact - Villas&amp;Houses\" \/>\n<meta property=\"og:description\" content=\"Nous visons l\u2019excellence pour les voyageurs et les propri\u00e9taires Bienvenue chez VILLAS&amp;HOUSES ! Nous sommes ravis de pouvoir partager avec vous notre passion pour offrir des exp\u00e9riences authentiques et m\u00e9morables...\" \/>\n<meta property=\"og:url\" content=\"https:\/\/villasandhouses.com\/fr\/contact\/\" \/>\n<meta property=\"og:site_name\" content=\"Villas&amp;Houses\" \/>\n<meta property=\"article:modified_time\" content=\"2026-03-31T09:09:24+00:00\" \/>\n<meta name=\"twitter:card\" content=\"summary_large_image\" \/>\n<meta name=\"twitter:label1\" content=\"Dur\u00e9e de lecture estim\u00e9e\" \/>\n\t<meta name=\"twitter:data1\" content=\"2 minutes\" \/>\n<script type=\"application\/ld+json\" class=\"yoast-schema-graph\">{\"@context\":\"https:\\\/\\\/schema.org\",\"@graph\":[{\"@type\":\"WebPage\",\"@id\":\"https:\\\/\\\/villasandhouses.com\\\/fr\\\/contact\\\/\",\"url\":\"https:\\\/\\\/villasandhouses.com\\\/fr\\\/contact\\\/\",\"name\":\"Contact - Villas&amp;Houses\",\"isPartOf\":{\"@id\":\"https:\\\/\\\/villasandhouses.com\\\/fr\\\/#website\"},\"datePublished\":\"2026-02-14T15:58:06+00:00\",\"dateModified\":\"2026-03-31T09:09:24+00:00\",\"breadcrumb\":{\"@id\":\"https:\\\/\\\/villasandhouses.com\\\/fr\\\/contact\\\/#breadcrumb\"},\"inLanguage\":\"fr-FR\",\"potentialAction\":[{\"@type\":\"ReadAction\",\"target\":[\"https:\\\/\\\/villasandhouses.com\\\/fr\\\/contact\\\/\"]}]},{\"@type\":\"BreadcrumbList\",\"@id\":\"https:\\\/\\\/villasandhouses.com\\\/fr\\\/contact\\\/#breadcrumb\",\"itemListElement\":[{\"@type\":\"ListItem\",\"position\":1,\"name\":\"Portada\",\"item\":\"https:\\\/\\\/villasandhouses.com\\\/fr\\\/accueil\\\/\"},{\"@type\":\"ListItem\",\"position\":2,\"name\":\"Contact\"}]},{\"@type\":\"WebSite\",\"@id\":\"https:\\\/\\\/villasandhouses.com\\\/fr\\\/#website\",\"url\":\"https:\\\/\\\/villasandhouses.com\\\/fr\\\/\",\"name\":\"Villas&Houses\",\"description\":\"Villas de lujo, apartamentos y casas &uacute;nicas en ciudades seleccionadas\",\"publisher\":{\"@id\":\"https:\\\/\\\/villasandhouses.com\\\/fr\\\/#organization\"},\"potentialAction\":[{\"@type\":\"SearchAction\",\"target\":{\"@type\":\"EntryPoint\",\"urlTemplate\":\"https:\\\/\\\/villasandhouses.com\\\/fr\\\/?s={search_term_string}\"},\"query-input\":{\"@type\":\"PropertyValueSpecification\",\"valueRequired\":true,\"valueName\":\"search_term_string\"}}],\"inLanguage\":\"fr-FR\"},{\"@type\":\"Organization\",\"@id\":\"https:\\\/\\\/villasandhouses.com\\\/fr\\\/#organization\",\"name\":\"Villas&Houses\",\"url\":\"https:\\\/\\\/villasandhouses.com\\\/fr\\\/\",\"logo\":{\"@type\":\"ImageObject\",\"inLanguage\":\"fr-FR\",\"@id\":\"https:\\\/\\\/villasandhouses.com\\\/fr\\\/#\\\/schema\\\/logo\\\/image\\\/\",\"url\":\"https:\\\/\\\/villasandhouses.com\\\/wp-content\\\/uploads\\\/2026\\\/02\\\/Group-11.svg\",\"contentUrl\":\"https:\\\/\\\/villasandhouses.com\\\/wp-content\\\/uploads\\\/2026\\\/02\\\/Group-11.svg\",\"caption\":\"Villas&Houses\"},\"image\":{\"@id\":\"https:\\\/\\\/villasandhouses.com\\\/fr\\\/#\\\/schema\\\/logo\\\/image\\\/\"}}]}<\/script>\n<!-- \/ Yoast SEO plugin. -->","yoast_head_json":{"title":"Contact - Villas&amp;Houses","robots":{"index":"index","follow":"follow","max-snippet":"max-snippet:-1","max-image-preview":"max-image-preview:large","max-video-preview":"max-video-preview:-1"},"canonical":"https:\/\/villasandhouses.com\/fr\/contact\/","og_locale":"fr_FR","og_type":"article","og_title":"Contact - Villas&amp;Houses","og_description":"Nous visons l\u2019excellence pour les voyageurs et les propri\u00e9taires Bienvenue chez VILLAS&amp;HOUSES ! Nous sommes ravis de pouvoir partager avec vous notre passion pour offrir des exp\u00e9riences authentiques et m\u00e9morables...","og_url":"https:\/\/villasandhouses.com\/fr\/contact\/","og_site_name":"Villas&amp;Houses","article_modified_time":"2026-03-31T09:09:24+00:00","twitter_card":"summary_large_image","twitter_misc":{"Dur\u00e9e de lecture estim\u00e9e":"2 minutes"},"schema":{"@context":"https:\/\/schema.org","@graph":[{"@type":"WebPage","@id":"https:\/\/villasandhouses.com\/fr\/contact\/","url":"https:\/\/villasandhouses.com\/fr\/contact\/","name":"Contact - Villas&amp;Houses","isPartOf":{"@id":"https:\/\/villasandhouses.com\/fr\/#website"},"datePublished":"2026-02-14T15:58:06+00:00","dateModified":"2026-03-31T09:09:24+00:00","breadcrumb":{"@id":"https:\/\/villasandhouses.com\/fr\/contact\/#breadcrumb"},"inLanguage":"fr-FR","potentialAction":[{"@type":"ReadAction","target":["https:\/\/villasandhouses.com\/fr\/contact\/"]}]},{"@type":"BreadcrumbList","@id":"https:\/\/villasandhouses.com\/fr\/contact\/#breadcrumb","itemListElement":[{"@type":"ListItem","position":1,"name":"Portada","item":"https:\/\/villasandhouses.com\/fr\/accueil\/"},{"@type":"ListItem","position":2,"name":"Contact"}]},{"@type":"WebSite","@id":"https:\/\/villasandhouses.com\/fr\/#website","url":"https:\/\/villasandhouses.com\/fr\/","name":"Villas&Houses","description":"Villas de lujo, apartamentos y casas &uacute;nicas en ciudades seleccionadas","publisher":{"@id":"https:\/\/villasandhouses.com\/fr\/#organization"},"potentialAction":[{"@type":"SearchAction","target":{"@type":"EntryPoint","urlTemplate":"https:\/\/villasandhouses.com\/fr\/?s={search_term_string}"},"query-input":{"@type":"PropertyValueSpecification","valueRequired":true,"valueName":"search_term_string"}}],"inLanguage":"fr-FR"},{"@type":"Organization","@id":"https:\/\/villasandhouses.com\/fr\/#organization","name":"Villas&Houses","url":"https:\/\/villasandhouses.com\/fr\/","logo":{"@type":"ImageObject","inLanguage":"fr-FR","@id":"https:\/\/villasandhouses.com\/fr\/#\/schema\/logo\/image\/","url":"https:\/\/villasandhouses.com\/wp-content\/uploads\/2026\/02\/Group-11.svg","contentUrl":"https:\/\/villasandhouses.com\/wp-content\/uploads\/2026\/02\/Group-11.svg","caption":"Villas&Houses"},"image":{"@id":"https:\/\/villasandhouses.com\/fr\/#\/schema\/logo\/image\/"}}]}},"_links":{"self":[{"href":"https:\/\/villasandhouses.com\/fr\/wp-json\/wp\/v2\/pages\/2313","targetHints":{"allow":["GET"]}}],"collection":[{"href":"https:\/\/villasandhouses.com\/fr\/wp-json\/wp\/v2\/pages"}],"about":[{"href":"https:\/\/villasandhouses.com\/fr\/wp-json\/wp\/v2\/types\/page"}],"author":[{"embeddable":true,"href":"https:\/\/villasandhouses.com\/fr\/wp-json\/wp\/v2\/users\/1"}],"replies":[{"embeddable":true,"href":"https:\/\/villasandhouses.com\/fr\/wp-json\/wp\/v2\/comments?post=2313"}],"version-history":[{"count":1,"href":"https:\/\/villasandhouses.com\/fr\/wp-json\/wp\/v2\/pages\/2313\/revisions"}],"predecessor-version":[{"id":2314,"href":"https:\/\/villasandhouses.com\/fr\/wp-json\/wp\/v2\/pages\/2313\/revisions\/2314"}],"wp:attachment":[{"href":"https:\/\/villasandhouses.com\/fr\/wp-json\/wp\/v2\/media?parent=2313"}],"curies":[{"name":"wp","href":"https:\/\/api.w.org\/{rel}","templated":true}]}}