{"id":2302,"date":"2026-01-09T17:48:27","date_gmt":"2026-01-09T17:48:27","guid":{"rendered":"https:\/\/villasandhouses.com\/accueil\/"},"modified":"2026-03-31T10:03:20","modified_gmt":"2026-03-31T10:03:20","slug":"accueil","status":"publish","type":"page","link":"https:\/\/villasandhouses.com\/fr\/","title":{"rendered":"Accueil"},"content":{"rendered":"\n<section class=\"wp-block-group section-hero\"><div class=\"wp-block-group__inner-container is-layout-constrained wp-block-group-is-layout-constrained\">\n<figure class=\"wp-block-video aligncenter hero-media\"><video height=\"720\" style=\"aspect-ratio: 1280 \/ 720;\" width=\"1280\" autoplay=\"\" loop=\"\" muted=\"\" src=\"https:\/\/villasandhouses.com\/wp-content\/uploads\/2026\/02\/ibiza-barcelona-madrid_vh_low.mp4\" playsinline=\"\"><\/video><\/figure>\n<\/div><\/section>\n\n<section class=\"wp-block-group section-hub bg-700\"><div class=\"wp-block-group__inner-container is-layout-constrained wp-block-group-is-layout-constrained\">\n<p class=\"hubItem\"><a href=\"https:\/\/villasandhouses.com\/ciudad\/ibiza\/\" data-type=\"ciudad\" data-id=\"14\">Ibiza<\/a><\/p>\n\n\n\n<p class=\"hubItem\"><a href=\"http:\/\/192.168.1.101:3000\/ciudad\/barcelona\/\" data-type=\"ciudad\" data-id=\"16\">Barcelone<\/a><\/p>\n\n\n\n<p class=\"hubItem\"><a href=\"https:\/\/villasandhouses.com\/ciudad\/san-sebastian\/\" data-type=\"ciudad\" data-id=\"18\">Saint-S\u00e9bastien<\/a><\/p>\n\n\n\n<p class=\"hubItem\"><a href=\"https:\/\/villasandhouses.com\/fr\/propiedad\/marbella\/\" data-type=\"propiedad\" data-id=\"817\">Marbella<\/a><\/p>\n\n\n\n<p class=\"hubItem\"><a href=\"https:\/\/villasandhouses.com\/ciudad\/madrid\/\" data-type=\"ciudad\" data-id=\"15\">Madrid<\/a><\/p>\n\n\n\n<p>O\u00d9 SOUHAITEZ-VOUS PARTIR EN VACANCES ?<\/p>\n<\/div><\/section>\n\n<section class=\"wp-block-group section-highlight\"><div class=\"wp-block-group__inner-container is-layout-constrained wp-block-group-is-layout-constrained\">\n<p class=\"has-text-align-center\">Villas de luxe, appartements et maisons uniques dans des villes s\u00e9lectionn\u00e9es.<\/p>\n<\/div><\/section>\n\n<section class=\"wp-block-group section-reviews\"><div class=\"wp-block-group__inner-container is-layout-constrained wp-block-group-is-layout-constrained\">\n<div class=\"wp-block-columns wrapper is-layout-flex wp-container-core-columns-is-layout-9d6595d7 wp-block-columns-is-layout-flex\">\n<div class=\"wp-block-column reviews-total is-layout-flow wp-block-column-is-layout-flow\">\n<h5 class=\"wp-block-heading\">+1350<br>Reviews<\/h5>\n<\/div>\n\n\n\n<div class=\"wp-block-column reviews-list is-layout-flow wp-block-column-is-layout-flow\" style=\"flex-basis:30%\">\n<div class=\"wp-block-group reviews-listItem is-content-justification-space-between is-nowrap is-layout-flex wp-container-core-group-is-layout-0dfbf163 wp-block-group-is-layout-flex\">\n<figure class=\"wp-block-image size-large\"><img decoding=\"async\" src=\"https:\/\/villasandhouses.com\/wp-content\/uploads\/2026\/02\/Frame.png\" alt=\"\"\/><\/figure>\n\n\n\n<p><strong>4,92<\/strong>\/5<\/p>\n<\/div>\n\n\n\n<div class=\"wp-block-group reviews-listItem is-content-justification-space-between is-nowrap is-layout-flex wp-container-core-group-is-layout-0dfbf163 wp-block-group-is-layout-flex\">\n<figure class=\"wp-block-image size-large\"><img decoding=\"async\" src=\"https:\/\/villasandhouses.com\/wp-content\/uploads\/2026\/02\/image-2.png\" alt=\"\"\/><\/figure>\n\n\n\n<p><strong>9,<\/strong>6\/10<\/p>\n<\/div>\n\n\n\n<div class=\"wp-block-group reviews-listItem is-content-justification-space-between is-nowrap is-layout-flex wp-container-core-group-is-layout-0dfbf163 wp-block-group-is-layout-flex\">\n<figure class=\"wp-block-image size-large\"><img decoding=\"async\" src=\"https:\/\/villasandhouses.com\/wp-content\/uploads\/2026\/02\/Vector.png\" alt=\"\"\/><\/figure>\n\n\n\n<p><strong>9,8<\/strong>\/10<\/p>\n<\/div>\n<\/div>\n<\/div>\n<\/div><\/section>\n\n<section class=\"wp-block-group section-quotes bg-600 inverted\"><div class=\"wp-block-group__inner-container is-layout-constrained wp-block-group-is-layout-constrained\">\n<div style=\"height:10rem\" aria-hidden=\"true\" class=\"wp-block-spacer\"><\/div>\n\n\n\n<h2 class=\"wp-block-heading has-text-align-center\">Avis de nos clients<\/h2>\n\n\n\n<div style=\"height:5rem\" aria-hidden=\"true\" class=\"wp-block-spacer\"><\/div>\n\n\n\n<div class=\"wp-block-columns page-width is-layout-flex wp-container-core-columns-is-layout-9d6595d7 wp-block-columns-is-layout-flex\">\n<div class=\"wp-block-column is-layout-flow wp-block-column-is-layout-flow\" style=\"flex-basis:25%\">\n<blockquote class=\"wp-block-quote is-style-default wp-container-content-9cfa9a5a is-layout-flow wp-block-quote-is-layout-flow\">\n<p class=\"has-small-font-size\">Nous avons \u00e9t\u00e9 tr\u00e8s \u00e0 l\u2019aise, recommand\u00e9 \u00e0 100 %. L\u2019h\u00f4te a \u00e9t\u00e9 tr\u00e8s aimable. Sans aucun doute, je reviendrais s\u00e9journer ici.<\/p>\n<cite>Robert Rose<\/cite><\/blockquote>\n<\/div>\n\n\n\n<div class=\"wp-block-column is-layout-flow wp-block-column-is-layout-flow\" style=\"flex-basis:25%\">\n<blockquote class=\"wp-block-quote wp-container-content-9cfa9a5a is-layout-flow wp-block-quote-is-layout-flow\">\n<p class=\"has-small-font-size\">Le logement \u00e9tait conforme aux photos : propre, confortable et bien situ\u00e9. L\u2019h\u00f4te a \u00e9t\u00e9 tr\u00e8s aimable et attentionn\u00e9 \u00e0 tout moment, r\u00e9pondant rapidement \u00e0 toute demande. Tr\u00e8s recommand\u00e9 !<\/p>\n<cite>Alex Smith<\/cite><\/blockquote>\n<\/div>\n\n\n\n<div class=\"wp-block-column is-layout-flow wp-block-column-is-layout-flow\" style=\"flex-basis:25%\">\n<blockquote class=\"wp-block-quote wp-container-content-9cfa9a5a is-layout-flow wp-block-quote-is-layout-flow\">\n<p class=\"has-small-font-size\">Tout \u00e9tait parfait. L\u2019endroit \u00e9tait propre et bien situ\u00e9. L\u2019h\u00f4te a \u00e9t\u00e9 tr\u00e8s aimable et toujours disponible. Je recommencerais sans h\u00e9siter !<\/p>\n<cite>Drew Carlyle<\/cite><\/blockquote>\n<\/div>\n\n\n\n<div class=\"wp-block-column is-layout-flow wp-block-column-is-layout-flow\" style=\"flex-basis:25%\">\n<blockquote class=\"wp-block-quote wp-container-content-9cfa9a5a is-layout-flow wp-block-quote-is-layout-flow\">\n<p class=\"has-small-font-size\">Tr\u00e8s bonne exp\u00e9rience. Le logement a r\u00e9pondu \u00e0 toutes les attentes : propre, confortable et avec tout le n\u00e9cessaire pour un s\u00e9jour agr\u00e9able. Je le recommanderais sans h\u00e9siter et je reviendrais y s\u00e9journer.<\/p>\n<cite>Jessica Davis<\/cite><\/blockquote>\n<\/div>\n<\/div>\n\n\n\n<div style=\"height:10rem\" aria-hidden=\"true\" class=\"wp-block-spacer\"><\/div>\n<\/div><\/section>\n","protected":false},"excerpt":{"rendered":"<p>Ibiza Barcelone Saint-S\u00e9bastien Marbella Madrid O\u00d9 SOUHAITEZ-VOUS PARTIR EN VACANCES ? Villas de luxe, appartements et maisons uniques dans des villes s\u00e9lectionn\u00e9es. Avis de nos clients Nous avons \u00e9t\u00e9 tr\u00e8s&#8230;<\/p>\n","protected":false},"author":1,"featured_media":2301,"parent":0,"menu_order":0,"comment_status":"closed","ping_status":"closed","template":"","meta":{"_acf_changed":false,"footnotes":""},"class_list":["post-2302","page","type-page","status-publish","has-post-thumbnail","hentry"],"acf":[],"yoast_head":"<!-- This site is optimized with the Yoast SEO plugin v27.3 - https:\/\/yoast.com\/product\/yoast-seo-wordpress\/ -->\n<title>Accueil - Villas&amp;Houses<\/title>\n<meta name=\"robots\" content=\"index, follow, max-snippet:-1, max-image-preview:large, max-video-preview:-1\" \/>\n<link rel=\"canonical\" href=\"https:\/\/villasandhouses.com\/fr\/\" \/>\n<meta property=\"og:locale\" content=\"fr_FR\" \/>\n<meta property=\"og:type\" content=\"article\" \/>\n<meta property=\"og:title\" content=\"Accueil - Villas&amp;Houses\" \/>\n<meta property=\"og:description\" content=\"Ibiza Barcelone Saint-S\u00e9bastien Marbella Madrid O\u00d9 SOUHAITEZ-VOUS PARTIR EN VACANCES ? Villas de luxe, appartements et maisons uniques dans des villes s\u00e9lectionn\u00e9es. Avis de nos clients Nous avons \u00e9t\u00e9 tr\u00e8s...\" \/>\n<meta property=\"og:url\" content=\"https:\/\/villasandhouses.com\/fr\/\" \/>\n<meta property=\"og:site_name\" content=\"Villas&amp;Houses\" \/>\n<meta property=\"article:modified_time\" content=\"2026-03-31T10:03:20+00:00\" \/>\n<meta name=\"twitter:card\" content=\"summary_large_image\" \/>\n<meta name=\"twitter:label1\" content=\"Dur\u00e9e de lecture estim\u00e9e\" \/>\n\t<meta name=\"twitter:data1\" content=\"1 minute\" \/>\n<script type=\"application\/ld+json\" class=\"yoast-schema-graph\">{\"@context\":\"https:\\\/\\\/schema.org\",\"@graph\":[{\"@type\":\"WebPage\",\"@id\":\"https:\\\/\\\/villasandhouses.com\\\/fr\\\/\",\"url\":\"https:\\\/\\\/villasandhouses.com\\\/fr\\\/\",\"name\":\"Accueil - Villas&amp;Houses\",\"isPartOf\":{\"@id\":\"https:\\\/\\\/villasandhouses.com\\\/fr\\\/#website\"},\"primaryImageOfPage\":{\"@id\":\"https:\\\/\\\/villasandhouses.com\\\/fr\\\/#primaryimage\"},\"image\":{\"@id\":\"https:\\\/\\\/villasandhouses.com\\\/fr\\\/#primaryimage\"},\"thumbnailUrl\":\"\",\"datePublished\":\"2026-01-09T17:48:27+00:00\",\"dateModified\":\"2026-03-31T10:03:20+00:00\",\"breadcrumb\":{\"@id\":\"https:\\\/\\\/villasandhouses.com\\\/fr\\\/#breadcrumb\"},\"inLanguage\":\"fr-FR\",\"potentialAction\":[{\"@type\":\"ReadAction\",\"target\":[\"https:\\\/\\\/villasandhouses.com\\\/fr\\\/\"]}]},{\"@type\":\"ImageObject\",\"inLanguage\":\"fr-FR\",\"@id\":\"https:\\\/\\\/villasandhouses.com\\\/fr\\\/#primaryimage\",\"url\":\"\",\"contentUrl\":\"\"},{\"@type\":\"BreadcrumbList\",\"@id\":\"https:\\\/\\\/villasandhouses.com\\\/fr\\\/#breadcrumb\",\"itemListElement\":[{\"@type\":\"ListItem\",\"position\":1,\"name\":\"Portada\",\"item\":\"https:\\\/\\\/villasandhouses.com\\\/fr\\\/accueil\\\/\"},{\"@type\":\"ListItem\",\"position\":2,\"name\":\"Accueil\"}]},{\"@type\":\"WebSite\",\"@id\":\"https:\\\/\\\/villasandhouses.com\\\/fr\\\/#website\",\"url\":\"https:\\\/\\\/villasandhouses.com\\\/fr\\\/\",\"name\":\"Villas&Houses\",\"description\":\"Villas de lujo, apartamentos y casas &uacute;nicas en ciudades seleccionadas\",\"publisher\":{\"@id\":\"https:\\\/\\\/villasandhouses.com\\\/fr\\\/#organization\"},\"potentialAction\":[{\"@type\":\"SearchAction\",\"target\":{\"@type\":\"EntryPoint\",\"urlTemplate\":\"https:\\\/\\\/villasandhouses.com\\\/fr\\\/?s={search_term_string}\"},\"query-input\":{\"@type\":\"PropertyValueSpecification\",\"valueRequired\":true,\"valueName\":\"search_term_string\"}}],\"inLanguage\":\"fr-FR\"},{\"@type\":\"Organization\",\"@id\":\"https:\\\/\\\/villasandhouses.com\\\/fr\\\/#organization\",\"name\":\"Villas&Houses\",\"url\":\"https:\\\/\\\/villasandhouses.com\\\/fr\\\/\",\"logo\":{\"@type\":\"ImageObject\",\"inLanguage\":\"fr-FR\",\"@id\":\"https:\\\/\\\/villasandhouses.com\\\/fr\\\/#\\\/schema\\\/logo\\\/image\\\/\",\"url\":\"https:\\\/\\\/villasandhouses.com\\\/wp-content\\\/uploads\\\/2026\\\/02\\\/Group-11.svg\",\"contentUrl\":\"https:\\\/\\\/villasandhouses.com\\\/wp-content\\\/uploads\\\/2026\\\/02\\\/Group-11.svg\",\"caption\":\"Villas&Houses\"},\"image\":{\"@id\":\"https:\\\/\\\/villasandhouses.com\\\/fr\\\/#\\\/schema\\\/logo\\\/image\\\/\"}}]}<\/script>\n<!-- \/ Yoast SEO plugin. -->","yoast_head_json":{"title":"Accueil - Villas&amp;Houses","robots":{"index":"index","follow":"follow","max-snippet":"max-snippet:-1","max-image-preview":"max-image-preview:large","max-video-preview":"max-video-preview:-1"},"canonical":"https:\/\/villasandhouses.com\/fr\/","og_locale":"fr_FR","og_type":"article","og_title":"Accueil - Villas&amp;Houses","og_description":"Ibiza Barcelone Saint-S\u00e9bastien Marbella Madrid O\u00d9 SOUHAITEZ-VOUS PARTIR EN VACANCES ? Villas de luxe, appartements et maisons uniques dans des villes s\u00e9lectionn\u00e9es. Avis de nos clients Nous avons \u00e9t\u00e9 tr\u00e8s...","og_url":"https:\/\/villasandhouses.com\/fr\/","og_site_name":"Villas&amp;Houses","article_modified_time":"2026-03-31T10:03:20+00:00","twitter_card":"summary_large_image","twitter_misc":{"Dur\u00e9e de lecture estim\u00e9e":"1 minute"},"schema":{"@context":"https:\/\/schema.org","@graph":[{"@type":"WebPage","@id":"https:\/\/villasandhouses.com\/fr\/","url":"https:\/\/villasandhouses.com\/fr\/","name":"Accueil - Villas&amp;Houses","isPartOf":{"@id":"https:\/\/villasandhouses.com\/fr\/#website"},"primaryImageOfPage":{"@id":"https:\/\/villasandhouses.com\/fr\/#primaryimage"},"image":{"@id":"https:\/\/villasandhouses.com\/fr\/#primaryimage"},"thumbnailUrl":"","datePublished":"2026-01-09T17:48:27+00:00","dateModified":"2026-03-31T10:03:20+00:00","breadcrumb":{"@id":"https:\/\/villasandhouses.com\/fr\/#breadcrumb"},"inLanguage":"fr-FR","potentialAction":[{"@type":"ReadAction","target":["https:\/\/villasandhouses.com\/fr\/"]}]},{"@type":"ImageObject","inLanguage":"fr-FR","@id":"https:\/\/villasandhouses.com\/fr\/#primaryimage","url":"","contentUrl":""},{"@type":"BreadcrumbList","@id":"https:\/\/villasandhouses.com\/fr\/#breadcrumb","itemListElement":[{"@type":"ListItem","position":1,"name":"Portada","item":"https:\/\/villasandhouses.com\/fr\/accueil\/"},{"@type":"ListItem","position":2,"name":"Accueil"}]},{"@type":"WebSite","@id":"https:\/\/villasandhouses.com\/fr\/#website","url":"https:\/\/villasandhouses.com\/fr\/","name":"Villas&Houses","description":"Villas de lujo, apartamentos y casas &uacute;nicas en ciudades seleccionadas","publisher":{"@id":"https:\/\/villasandhouses.com\/fr\/#organization"},"potentialAction":[{"@type":"SearchAction","target":{"@type":"EntryPoint","urlTemplate":"https:\/\/villasandhouses.com\/fr\/?s={search_term_string}"},"query-input":{"@type":"PropertyValueSpecification","valueRequired":true,"valueName":"search_term_string"}}],"inLanguage":"fr-FR"},{"@type":"Organization","@id":"https:\/\/villasandhouses.com\/fr\/#organization","name":"Villas&Houses","url":"https:\/\/villasandhouses.com\/fr\/","logo":{"@type":"ImageObject","inLanguage":"fr-FR","@id":"https:\/\/villasandhouses.com\/fr\/#\/schema\/logo\/image\/","url":"https:\/\/villasandhouses.com\/wp-content\/uploads\/2026\/02\/Group-11.svg","contentUrl":"https:\/\/villasandhouses.com\/wp-content\/uploads\/2026\/02\/Group-11.svg","caption":"Villas&Houses"},"image":{"@id":"https:\/\/villasandhouses.com\/fr\/#\/schema\/logo\/image\/"}}]}},"_links":{"self":[{"href":"https:\/\/villasandhouses.com\/fr\/wp-json\/wp\/v2\/pages\/2302","targetHints":{"allow":["GET"]}}],"collection":[{"href":"https:\/\/villasandhouses.com\/fr\/wp-json\/wp\/v2\/pages"}],"about":[{"href":"https:\/\/villasandhouses.com\/fr\/wp-json\/wp\/v2\/types\/page"}],"author":[{"embeddable":true,"href":"https:\/\/villasandhouses.com\/fr\/wp-json\/wp\/v2\/users\/1"}],"replies":[{"embeddable":true,"href":"https:\/\/villasandhouses.com\/fr\/wp-json\/wp\/v2\/comments?post=2302"}],"version-history":[{"count":2,"href":"https:\/\/villasandhouses.com\/fr\/wp-json\/wp\/v2\/pages\/2302\/revisions"}],"predecessor-version":[{"id":2662,"href":"https:\/\/villasandhouses.com\/fr\/wp-json\/wp\/v2\/pages\/2302\/revisions\/2662"}],"wp:featuredmedia":[{"embeddable":true,"href":"https:\/\/villasandhouses.com\/fr\/wp-json\/"}],"wp:attachment":[{"href":"https:\/\/villasandhouses.com\/fr\/wp-json\/wp\/v2\/media?parent=2302"}],"curies":[{"name":"wp","href":"https:\/\/api.w.org\/{rel}","templated":true}]}}